{"id":610,"date":"2021-02-18T20:20:26","date_gmt":"2021-02-18T20:20:26","guid":{"rendered":"http:\/\/law.pinsupreme.com\/?page_id=610"},"modified":"2021-06-27T22:03:39","modified_gmt":"2021-06-27T19:03:39","slug":"gizlilik-politikasi","status":"publish","type":"page","link":"https:\/\/ozdemirmar.com\/en\/gizlilik-politikasi\/","title":{"rendered":"Privacy Policy"},"content":{"rendered":"<p>Gizlili\u011finiz bizim i\u00e7in \u00e7ok \u00f6nemlidir. Buna g\u00f6re, ki\u015fisel bilgileri nas\u0131l toplad\u0131\u011f\u0131m\u0131z\u0131, kulland\u0131\u011f\u0131m\u0131z\u0131, iletti\u011fimizi ve if\u015fa etti\u011fimizi ve kulland\u0131\u011f\u0131m\u0131z\u0131 anlaman\u0131z i\u00e7in bu Politikay\u0131 geli\u015ftirdik. A\u015fa\u011f\u0131dakiler gizlilik politikam\u0131z\u0131 \u00f6zetlemektedir.<\/p>\n<ul>\n<li>Gizlili\u011finiz bizim i\u00e7in \u00e7ok \u00f6nemlidir. Buna g\u00f6re, ki\u015fisel Ki\u015fisel bilgileri toplamadan \u00f6nce veya toplama s\u0131ras\u0131nda, bilgilerin toplanma ama\u00e7lar\u0131n\u0131 belirleyece\u011fiz.<\/li>\n<li>Ki\u015fisel bilgileri, ilgili ki\u015finin r\u0131zas\u0131n\u0131 almad\u0131\u011f\u0131m\u0131z veya yasalar\u0131n gerektirdi\u011fi haller d\u0131\u015f\u0131nda, yaln\u0131zca taraf\u0131m\u0131zca belirtilen ama\u00e7lar\u0131n yerine getirilmesi amac\u0131yla ve di\u011fer uyumlu ama\u00e7lar i\u00e7in toplayacak ve kullanaca\u011f\u0131z.<\/li>\n<li>Ki\u015fisel bilgileri yaln\u0131zca bu ama\u00e7lar\u0131n yerine getirilmesi i\u00e7in gerekli oldu\u011fu s\u00fcrece saklayaca\u011f\u0131z.<\/li>\n<li>Ki\u015fisel bilgileri yasal ve adil yollarla ve uygun oldu\u011funda ilgili ki\u015finin bilgisi veya r\u0131zas\u0131yla toplayaca\u011f\u0131z.<\/li>\n<li>Ki\u015fisel veriler, kullan\u0131laca\u011f\u0131 ama\u00e7larla ilgili olmal\u0131 ve bu ama\u00e7lar i\u00e7in gerekli oldu\u011fu \u00f6l\u00e7\u00fcde do\u011fru, eksiksiz ve g\u00fcncel olmal\u0131d\u0131r.<\/li>\n<li>Ki\u015fisel bilgileri, izinsiz eri\u015fim, if\u015fa, kopyalama, kullan\u0131m veya de\u011fi\u015ftirmenin yan\u0131 s\u0131ra kay\u0131p veya h\u0131rs\u0131zl\u0131\u011fa kar\u015f\u0131 makul g\u00fcvenlik \u00f6nlemleriyle koruyaca\u011f\u0131z.<\/li>\n<li>Ki\u015fisel bilgilerin y\u00f6netimine ili\u015fkin politikalar\u0131m\u0131z ve uygulamalar\u0131m\u0131z hakk\u0131nda m\u00fc\u015fterilere kolayca bilgi sunaca\u011f\u0131z.<\/li>\n<\/ul>\n<p>Ki\u015fisel bilgilerin gizlili\u011finin korunmas\u0131n\u0131 ve s\u00fcrd\u00fcr\u00fclmesini sa\u011flamak i\u00e7in i\u015fimizi bu ilkelere uygun olarak y\u00fcr\u00fctmeyi taahh\u00fct ediyoruz.<\/p>","protected":false},"excerpt":{"rendered":"<p>Gizlili\u011finiz bizim i\u00e7in \u00e7ok \u00f6nemlidir. Buna g\u00f6re, ki\u015fisel bilgileri nas\u0131l toplad\u0131\u011f\u0131m\u0131z\u0131, kulland\u0131\u011f\u0131m\u0131z\u0131, iletti\u011fimizi ve if\u015fa etti\u011fimizi ve kulland\u0131\u011f\u0131m\u0131z\u0131 anlaman\u0131z i\u00e7in bu Politikay\u0131 geli\u015ftirdik. A\u015fa\u011f\u0131dakiler gizlilik politikam\u0131z\u0131 \u00f6zetlemektedir. Gizlili\u011finiz bizim i\u00e7in \u00e7ok \u00f6nemlidir. Buna g\u00f6re, ki\u015fisel Ki\u015fisel bilgileri toplamadan \u00f6nce veya toplama s\u0131ras\u0131nda, bilgilerin toplanma ama\u00e7lar\u0131n\u0131 belirleyece\u011fiz. Ki\u015fisel bilgileri, ilgili ki\u015finin r\u0131zas\u0131n\u0131 almad\u0131\u011f\u0131m\u0131z veya yasalar\u0131n gerektirdi\u011fi&#8230;<\/p>\n<div class=\"[&hellip;]\"><a href=\"https:\/\/ozdemirmar.com\/en\/gizlilik-politikasi\/\">Read More<\/a><\/div>","protected":false},"author":1,"featured_media":25,"parent":0,"menu_order":0,"comment_status":"closed","ping_status":"closed","template":"","meta":{"footnotes":""},"class_list":["post-610","page","type-page","status-publish","has-post-thumbnail","hentry"],"_links":{"self":[{"href":"https:\/\/ozdemirmar.com\/en\/wp-json\/wp\/v2\/pages\/610","targetHints":{"allow":["GET"]}}],"collection":[{"href":"https:\/\/ozdemirmar.com\/en\/wp-json\/wp\/v2\/pages"}],"about":[{"href":"https:\/\/ozdemirmar.com\/en\/wp-json\/wp\/v2\/types\/page"}],"author":[{"embeddable":true,"href":"https:\/\/ozdemirmar.com\/en\/wp-json\/wp\/v2\/users\/1"}],"replies":[{"embeddable":true,"href":"https:\/\/ozdemirmar.com\/en\/wp-json\/wp\/v2\/comments?post=610"}],"version-history":[{"count":2,"href":"https:\/\/ozdemirmar.com\/en\/wp-json\/wp\/v2\/pages\/610\/revisions"}],"predecessor-version":[{"id":2066,"href":"https:\/\/ozdemirmar.com\/en\/wp-json\/wp\/v2\/pages\/610\/revisions\/2066"}],"wp:featuredmedia":[{"embeddable":true,"href":"https:\/\/ozdemirmar.com\/en\/wp-json\/wp\/v2\/media\/25"}],"wp:attachment":[{"href":"https:\/\/ozdemirmar.com\/en\/wp-json\/wp\/v2\/media?parent=610"}],"curies":[{"name":"wp","href":"https:\/\/api.w.org\/{rel}","templated":true}]}}