{"id":607,"date":"2021-02-18T20:17:23","date_gmt":"2021-02-18T20:17:23","guid":{"rendered":"http:\/\/law.pinsupreme.com\/?page_id=607"},"modified":"2021-06-29T20:15:38","modified_gmt":"2021-06-29T17:15:38","slug":"kullanim-sartlari","status":"publish","type":"page","link":"https:\/\/ozdemirmar.com\/en\/kullanim-sartlari\/","title":{"rendered":"Terms Of Use"},"content":{"rendered":"<h5>1. \u015eartlar<\/h5>\n<p>Bu web sitesine eri\u015ferek, bu web sitesi Kullan\u0131m \u015eartlar\u0131 ve Ko\u015fullar\u0131na, y\u00fcr\u00fcrl\u00fckteki t\u00fcm yasa ve y\u00f6netmeliklere ba\u011fl\u0131 kalmay\u0131 ve y\u00fcr\u00fcrl\u00fckteki yerel yasalara uymaktan sorumlu oldu\u011funuzu kabul etmektesiniz. Bu \u015fartlardan herhangi birini kabul etmiyorsan\u0131z, bu siteyi kullanman\u0131z veya siteye eri\u015fmeniz yasakt\u0131r. Bu web sitesinde yer alan materyaller, ge\u00e7erli telif hakk\u0131 ve ticari marka kanunu ile korunmaktad\u0131r.<\/p>\n<h5>2. Lisans\u0131 Kullan<\/h5>\n<ol type=\"a\">\n<li><span style=\"color: inherit; font-size: 1em; font-weight: 600;\">PinSupreme&#8217;in web sitesindeki materyallerin (bilgi veya yaz\u0131l\u0131m) bir kopyas\u0131n\u0131 yaln\u0131zca ki\u015fisel, ticari olmayan ge\u00e7ici g\u00f6r\u00fcnt\u00fcleme i\u00e7in ge\u00e7ici olarak indirme izni verilir. Bu, bir m\u00fclkiyet devri de\u011fil, bir lisans verilmesidir ve bu lisans kapsam\u0131nda \u015funlar\u0131 yapamazs\u0131n\u0131z: materyalleri de\u011fi\u015ftirmek veya kopyalamak; materyalleri herhangi bir ticari ama\u00e7 i\u00e7in veya herhangi bir kamuya a\u00e7\u0131k sergileme (ticari veya ticari olmayan) i\u00e7in kullanmak; PinSupreme&#8217;in web sitesinde yer alan herhangi bir yaz\u0131l\u0131m\u0131 kaynak koda d\u00f6n\u00fc\u015ft\u00fcrmeye veya tersine m\u00fchendislik yapmaya \u00e7al\u0131\u015fmak; materyallerden herhangi bir telif hakk\u0131 veya di\u011fer tescilli notlar\u0131 kald\u0131rmak; veya materyalleri ba\u015fka bir ki\u015fiye aktarmay\u0131n veya materyalleri ba\u015fka bir sunucuda \u201cyans\u0131t\u0131n\u201d. Bu lisans, bu k\u0131s\u0131tlamalardan herhangi birini ihlal ederseniz otomatik olarak feshedilir ve PinSupreme taraf\u0131ndan herhangi bir zamanda feshedilebilir. Bu materyalleri g\u00f6r\u00fcnt\u00fclemenizin sona ermesi veya bu lisans\u0131n sona ermesi \u00fczerine, elektronik veya bas\u0131l\u0131 formatta sahip oldu\u011funuz indirilmi\u015f materyalleri imha etmeniz gerekir.4. Limitations<\/span><\/li>\n<\/ol>\n<p>PinSupreme veya tedarik\u00e7ileri, PinSupreme&#8217;in internet sitesindeki materyallerin kullan\u0131m\u0131ndan veya kullan\u0131lamamas\u0131ndan kaynaklanan hi\u00e7bir zarardan (veri veya kar kayb\u0131ndan veya i\u015f kesintisinden kaynaklanan zararlar dahil ancak bunlarla s\u0131n\u0131rl\u0131 olmamak \u00fczere) sorumlu tutulamaz, PinSupreme veya PinSupreme yetkili temsilcisine bu t\u00fcr bir hasar\u0131n olas\u0131l\u0131\u011f\u0131 s\u00f6zl\u00fc veya yaz\u0131l\u0131 olarak bildirilmi\u015f olsa bile. Baz\u0131 yarg\u0131 b\u00f6lgeleri, z\u0131mni garantilerde s\u0131n\u0131rlamalara veya dolayl\u0131 veya ar\u0131zi hasarlar i\u00e7in sorumluluk s\u0131n\u0131rlamalar\u0131na izin vermedi\u011finden, bu s\u0131n\u0131rlamalar sizin i\u00e7in ge\u00e7erli olmayabilir.<\/p>\n<h5>5. Revizyonlar ve Hatalar<\/h5>\n<p>PinSupreme&#8217;in web sitesinde g\u00f6r\u00fcnen materyaller teknik, tipografik veya foto\u011frafik hatalar i\u00e7erebilir. PinSupreme, web sitesindeki materyallerin hi\u00e7birinin do\u011fru, eksiksiz veya g\u00fcncel oldu\u011funu garanti etmez. PinSupreme, web sitesinde yer alan materyallerde herhangi bir zamanda bildirimde bulunmaks\u0131z\u0131n de\u011fi\u015fiklik yapabilir. Ancak PinSupreme materyalleri g\u00fcncelleme taahh\u00fcd\u00fcnde bulunmaz.<\/p>","protected":false},"excerpt":{"rendered":"<p>1. \u015eartlar Bu web sitesine eri\u015ferek, bu web sitesi Kullan\u0131m \u015eartlar\u0131 ve Ko\u015fullar\u0131na, y\u00fcr\u00fcrl\u00fckteki t\u00fcm yasa ve y\u00f6netmeliklere ba\u011fl\u0131 kalmay\u0131 ve y\u00fcr\u00fcrl\u00fckteki yerel yasalara uymaktan sorumlu oldu\u011funuzu kabul etmektesiniz. Bu \u015fartlardan herhangi birini kabul etmiyorsan\u0131z, bu siteyi kullanman\u0131z veya siteye eri\u015fmeniz yasakt\u0131r. Bu web sitesinde yer alan materyaller, ge\u00e7erli telif hakk\u0131 ve ticari marka kanunu&#8230;<\/p>\n<div class=\"[&hellip;]\"><a href=\"https:\/\/ozdemirmar.com\/en\/kullanim-sartlari\/\">Read More<\/a><\/div>","protected":false},"author":1,"featured_media":24,"parent":0,"menu_order":0,"comment_status":"closed","ping_status":"closed","template":"","meta":{"footnotes":""},"class_list":["post-607","page","type-page","status-publish","has-post-thumbnail","hentry"],"_links":{"self":[{"href":"https:\/\/ozdemirmar.com\/en\/wp-json\/wp\/v2\/pages\/607","targetHints":{"allow":["GET"]}}],"collection":[{"href":"https:\/\/ozdemirmar.com\/en\/wp-json\/wp\/v2\/pages"}],"about":[{"href":"https:\/\/ozdemirmar.com\/en\/wp-json\/wp\/v2\/types\/page"}],"author":[{"embeddable":true,"href":"https:\/\/ozdemirmar.com\/en\/wp-json\/wp\/v2\/users\/1"}],"replies":[{"embeddable":true,"href":"https:\/\/ozdemirmar.com\/en\/wp-json\/wp\/v2\/comments?post=607"}],"version-history":[{"count":2,"href":"https:\/\/ozdemirmar.com\/en\/wp-json\/wp\/v2\/pages\/607\/revisions"}],"predecessor-version":[{"id":2074,"href":"https:\/\/ozdemirmar.com\/en\/wp-json\/wp\/v2\/pages\/607\/revisions\/2074"}],"wp:featuredmedia":[{"embeddable":true,"href":"https:\/\/ozdemirmar.com\/en\/wp-json\/wp\/v2\/media\/24"}],"wp:attachment":[{"href":"https:\/\/ozdemirmar.com\/en\/wp-json\/wp\/v2\/media?parent=607"}],"curies":[{"name":"wp","href":"https:\/\/api.w.org\/{rel}","templated":true}]}}