{"id":582,"date":"2021-02-18T19:55:50","date_gmt":"2021-02-18T19:55:50","guid":{"rendered":"http:\/\/law.pinsupreme.com\/?page_id=582"},"modified":"2026-02-08T22:22:39","modified_gmt":"2026-02-08T19:22:39","slug":"iletisim","status":"publish","type":"page","link":"https:\/\/ozdemirmar.com\/en\/sirket-sayfalari\/iletisim\/","title":{"rendered":"Contact"},"content":{"rendered":"<div class=\"wpcf7 no-js\" id=\"wpcf7-f584-o1\" lang=\"en-US\" dir=\"ltr\">\n<div class=\"screen-reader-response\"><p role=\"status\" aria-live=\"polite\" aria-atomic=\"true\"><\/p> <ul><\/ul><\/div>\n<form action=\"\/en\/wp-json\/wp\/v2\/pages\/582#wpcf7-f584-o1\" method=\"post\" class=\"wpcf7-form init\" aria-label=\"Contact form\" novalidate=\"novalidate\" data-status=\"init\" data-trp-original-action=\"\/en\/wp-json\/wp\/v2\/pages\/582#wpcf7-f584-o1\">\n<div style=\"display: none;\">\n<input type=\"hidden\" name=\"_wpcf7\" value=\"584\" \/>\n<input type=\"hidden\" name=\"_wpcf7_version\" value=\"5.8.5\" \/>\n<input type=\"hidden\" name=\"_wpcf7_locale\" value=\"en_US\" \/>\n<input type=\"hidden\" name=\"_wpcf7_unit_tag\" value=\"wpcf7-f584-o1\" \/>\n<input type=\"hidden\" name=\"_wpcf7_container_post\" value=\"0\" \/>\n<input type=\"hidden\" name=\"_wpcf7_posted_data_hash\" value=\"\" \/>\n<\/div>\n<div class=\"row\">\n\t<div class=\"col-6\">\n\t\t<p><label> Name<\/label><span class=\"wpcf7-form-control-wrap\" data-name=\"first-name\"><input size=\"40\" class=\"wpcf7-form-control wpcf7-text wpcf7-validates-as-required\" aria-required=\"true\" aria-invalid=\"false\" value=\"\" type=\"text\" name=\"first-name\" \/><\/span>\n\t\t<\/p>\n\t<\/div>\n\t<div class=\"col-6\">\n\t\t<p><label> Surname<\/label><span class=\"wpcf7-form-control-wrap\" data-name=\"last-name\"><input size=\"40\" class=\"wpcf7-form-control wpcf7-text wpcf7-validates-as-required\" aria-required=\"true\" aria-invalid=\"false\" value=\"\" type=\"text\" name=\"last-name\" \/><\/span>\n\t\t<\/p>\n\t<\/div>\n<\/div>\n<div class=\"row\">\n\t<div class=\"col-6\">\n\t\t<p><label> E-Mail Address<\/label><span class=\"wpcf7-form-control-wrap\" data-name=\"your-email\"><input size=\"40\" class=\"wpcf7-form-control wpcf7-email wpcf7-validates-as-required wpcf7-text wpcf7-validates-as-email\" aria-required=\"true\" aria-invalid=\"false\" value=\"\" type=\"email\" name=\"your-email\" \/><\/span>\n\t\t<\/p>\n\t<\/div>\n\t<div class=\"col-6\">\n\t\t<p><label> Phone<\/label><span class=\"wpcf7-form-control-wrap\" data-name=\"your-phone\"><input size=\"40\" class=\"wpcf7-form-control wpcf7-tel wpcf7-validates-as-required wpcf7-text wpcf7-validates-as-tel\" aria-required=\"true\" aria-invalid=\"false\" value=\"\" type=\"tel\" name=\"your-phone\" \/><\/span>\n\t\t<\/p>\n\t<\/div>\n<\/div>\n<p><label>Usually response within 24 hours<\/label><span class=\"wpcf7-form-control-wrap\" data-name=\"your-message\"><textarea cols=\"40\" rows=\"3\" class=\"wpcf7-form-control wpcf7-textarea\" aria-invalid=\"false\" name=\"your-message\"><\/textarea><\/span>\n<\/p>\n<p><input class=\"wpcf7-form-control wpcf7-submit has-spinner\" type=\"submit\" value=\"Send Message\" \/>\n<\/p><div class=\"wpcf7-response-output\" aria-hidden=\"true\"><\/div>\n<input type=\"hidden\" name=\"trp-form-language\" value=\"en\"\/><\/form>\n<\/div>\n<div class=\"vc_row wpb_row vc_row-fluid\"><div class=\"wpb_column vc_column_container vc_col-sm-12\"><div class=\"vc_column-inner\"><div class=\"wpb_wrapper\">\n\t<div class=\"wpb_text_column wpb_content_element\" >\n\t\t<div class=\"wpb_wrapper\">\n\t\t\t<div id=\"text-2\" class=\"widget eltdf-footer-column-1 widget_text\">\n<div class=\"textwidget\">\n<p><a href=\"https:\/\/ozdemirmar.com\/wp-content\/uploads\/2021\/07\/Nisantasi-Ofis.jpeg\"><img loading=\"lazy\" decoding=\"async\" class=\"alignnone size-full wp-image-2089\" src=\"https:\/\/ozdemirmar.com\/wp-content\/uploads\/2021\/07\/Nisantasi-Ofis.jpeg\" alt=\"\" width=\"1600\" height=\"711\" srcset=\"https:\/\/ozdemirmar.com\/wp-content\/uploads\/2021\/07\/Nisantasi-Ofis.jpeg 1600w, https:\/\/ozdemirmar.com\/wp-content\/uploads\/2021\/07\/Nisantasi-Ofis-300x133.jpeg 300w, https:\/\/ozdemirmar.com\/wp-content\/uploads\/2021\/07\/Nisantasi-Ofis-1024x455.jpeg 1024w, https:\/\/ozdemirmar.com\/wp-content\/uploads\/2021\/07\/Nisantasi-Ofis-768x341.jpeg 768w, https:\/\/ozdemirmar.com\/wp-content\/uploads\/2021\/07\/Nisantasi-Ofis-1536x683.jpeg 1536w, https:\/\/ozdemirmar.com\/wp-content\/uploads\/2021\/07\/Nisantasi-Ofis-500x222.jpeg 500w, https:\/\/ozdemirmar.com\/wp-content\/uploads\/2021\/07\/Nisantasi-Ofis-1300x578.jpeg 1300w\" sizes=\"auto, (max-width: 1600px) 100vw, 1600px\" \/><\/a><\/p>\n<\/div>\n<h4>Te\u015fvikiye Mah. Te\u015fvikiye Cad. No:26 D:9 Ni\u015fanta\u015f\u0131 \u015ei\u015fli Istanbul Turkey<\/h4>\n<h4>E-Mail: info@ozdemirmar.com<\/h4>\n<h4>Gsm: +90 532 585 48 60, +90 532 575 49 75<\/h4>\n<\/div>\n<h4>\n\n\t\t<\/div>\n\t<\/div>\n<\/div><\/div><\/div><\/div><\/h4>","protected":false},"excerpt":{"rendered":"Ad\u0131n\u0131z Soyad\u0131n\u0131z E-Posta Adresiniz Telefon Numaran\u0131z Genellikle 24 saat i\u00e7inde yan\u0131t veririz Te\u015fvikiye Mah. Te\u015fvikiye Cad. No:26 D:9 Ni\u015fanta\u015f\u0131 \u015ei\u015fli \u0130stanbul E-Posta: info@ozdemirmar.com Gsm: +90 532 585 48 60, +90 532 575 49 75","protected":false},"author":1,"featured_media":2092,"parent":383,"menu_order":0,"comment_status":"closed","ping_status":"closed","template":"","meta":{"footnotes":""},"class_list":["post-582","page","type-page","status-publish","has-post-thumbnail","hentry"],"_links":{"self":[{"href":"https:\/\/ozdemirmar.com\/en\/wp-json\/wp\/v2\/pages\/582","targetHints":{"allow":["GET"]}}],"collection":[{"href":"https:\/\/ozdemirmar.com\/en\/wp-json\/wp\/v2\/pages"}],"about":[{"href":"https:\/\/ozdemirmar.com\/en\/wp-json\/wp\/v2\/types\/page"}],"author":[{"embeddable":true,"href":"https:\/\/ozdemirmar.com\/en\/wp-json\/wp\/v2\/users\/1"}],"replies":[{"embeddable":true,"href":"https:\/\/ozdemirmar.com\/en\/wp-json\/wp\/v2\/comments?post=582"}],"version-history":[{"count":7,"href":"https:\/\/ozdemirmar.com\/en\/wp-json\/wp\/v2\/pages\/582\/revisions"}],"predecessor-version":[{"id":2200,"href":"https:\/\/ozdemirmar.com\/en\/wp-json\/wp\/v2\/pages\/582\/revisions\/2200"}],"up":[{"embeddable":true,"href":"https:\/\/ozdemirmar.com\/en\/wp-json\/wp\/v2\/pages\/383"}],"wp:featuredmedia":[{"embeddable":true,"href":"https:\/\/ozdemirmar.com\/en\/wp-json\/wp\/v2\/media\/2092"}],"wp:attachment":[{"href":"https:\/\/ozdemirmar.com\/en\/wp-json\/wp\/v2\/media?parent=582"}],"curies":[{"name":"wp","href":"https:\/\/api.w.org\/{rel}","templated":true}]}}