{"id":2017,"date":"2021-05-23T16:03:37","date_gmt":"2021-05-23T16:03:37","guid":{"rendered":"https:\/\/ozdemirmar.com\/?page_id=2017"},"modified":"2021-11-22T20:13:03","modified_gmt":"2021-11-22T17:13:03","slug":"hizmetlerimiz","status":"publish","type":"page","link":"https:\/\/ozdemirmar.com\/en\/hizmetlerimiz\/","title":{"rendered":"Our Services"},"content":{"rendered":"<div class=\"vc_row wpb_row vc_row-fluid vc_custom_1490331598404 vc_row-has-fill\"><div class=\"wpb_column vc_column_container vc_col-sm-6 vc_col-lg-3\"><div class=\"vc_column-inner vc_custom_1490768520136\"><div class=\"wpb_wrapper\"><div class=\"os-feature-with-icon color-scheme-light text-align-center media-position-top\">\n                <div class=\"fwi-media-w\" style=\"\"><i class=\"\" style=\"\"><\/i><\/div>\n                <div class=\"fwi-content-w\">\n                  <h5 class=\"fwi-header\" style=\"\">COMPANY LAW<\/h5>\n                  <div class=\"fwi-content\"><p><strong>Company,management and legal consultancy for national, foreigner and international companies.<\/strong><\/p>\n<p><strong>Incorporation and dissolution of an entity for locals and foreigners. <\/strong><strong>Business combinations and transfers (joint venture<\/strong><\/p>\n<p><strong>Trading company incorporation and management<\/strong><\/p>\n<p><strong>Transformnation of the companies into corporate structure<\/strong><\/p>\n<\/div>\n                  <div class=\"fwi-link-w without-class\"><a href=\"\">More<\/a><\/div>\n                <\/div>\n            <\/div><\/div><\/div><\/div><div class=\"wpb_column vc_column_container vc_col-sm-6 vc_col-lg-3 vc_col-has-fill\"><div class=\"vc_column-inner vc_custom_1490768509171\"><div class=\"wpb_wrapper\"><div class=\"os-feature-with-icon color-scheme-light text-align-center media-position-top\">\n                <div class=\"fwi-media-w\" style=\"\"><i class=\"\" style=\"\"><\/i><\/div>\n                <div class=\"fwi-content-w\">\n                  <h5 class=\"fwi-header\" style=\"\">LAW OF CONTRACTS<\/h5>\n                  <div class=\"fwi-content\"><p><strong>Commercial contracts<\/strong><\/p>\n<p><strong>Bargain and sale contracts<\/strong><\/p>\n<p><strong>Leaes<\/strong><\/p>\n<p><strong>Incorporation contracts<\/strong><\/p>\n<p><strong>Contracts of association<\/strong><\/p>\n<p><strong>Contracts of service<\/strong><\/p>\n<p><strong>Forming, transering and terminating of contracts in local and foreign languages.<\/strong><\/p>\n<\/div>\n                  <div class=\"fwi-link-w without-class\"><a href=\"\">More<\/a><\/div>\n                <\/div>\n            <\/div><\/div><\/div><\/div><div class=\"wpb_column vc_column_container vc_col-sm-6 vc_col-lg-3\"><div class=\"vc_column-inner vc_custom_1490768493913\"><div class=\"wpb_wrapper\"><div class=\"os-feature-with-icon color-scheme-light text-align-center media-position-top\">\n                <div class=\"fwi-media-w\" style=\"\"><i class=\"\" style=\"\"><\/i><\/div>\n                <div class=\"fwi-content-w\">\n                  <h5 class=\"fwi-header\" style=\"\">INTERNATIONAL TRADE LAW<\/h5>\n                  <div class=\"fwi-content\"><p><strong>International bargains,sales and services<\/strong><\/p>\n<p><strong>International warrants<\/strong><\/p>\n<p><strong>Competition law<\/strong><\/p>\n<p><strong>International warrants<\/strong><\/p>\n<p><strong>Letter of credit<\/strong><\/p>\n<\/div>\n                  <div class=\"fwi-link-w without-class\"><a href=\"\">More<\/a><\/div>\n                <\/div>\n            <\/div><\/div><\/div><\/div><div class=\"wpb_column vc_column_container vc_col-sm-6 vc_col-lg-3 vc_col-md-6 vc_col-has-fill\"><div class=\"vc_column-inner vc_custom_1490768474649\"><div class=\"wpb_wrapper\"><div class=\"os-feature-with-icon color-scheme-light text-align-center media-position-top\">\n                <div class=\"fwi-media-w\" style=\"\"><i class=\"\" style=\"\"><\/i><\/div>\n                <div class=\"fwi-content-w\">\n                  <h5 class=\"fwi-header\" style=\"\">BRAND, PATENT AND FRANCHISE LAW<\/h5>\n                  <div class=\"fwi-content\"><p><strong>Brand law<\/strong><\/p>\n<p><strong>Patent law<\/strong><\/p>\n<p><strong>T.P.E. AND W.I.P.O applications<\/strong><\/p>\n<p><strong>Award franchise and<\/strong><\/p>\n<p><strong>authorization <\/strong><strong>Customs legislation cases<\/strong><\/p>\n<p><strong>\u0130ntellectual, industrial property law<\/strong><\/p>\n<\/div>\n                  <div class=\"fwi-link-w without-class\"><a href=\"\">More<\/a><\/div>\n                <\/div>\n            <\/div><\/div><\/div><\/div><\/div><div class=\"vc_row wpb_row vc_row-fluid vc_custom_1490331598404 vc_row-has-fill\"><div class=\"wpb_column vc_column_container vc_col-sm-6 vc_col-lg-3\"><div class=\"vc_column-inner vc_custom_1490768520136\"><div class=\"wpb_wrapper\"><div class=\"os-feature-with-icon color-scheme-light text-align-center media-position-top\">\n                <div class=\"fwi-media-w\" style=\"\"><i class=\"\" style=\"\"><\/i><\/div>\n                <div class=\"fwi-content-w\">\n                  <h5 class=\"fwi-header\" style=\"\">BANKING AND FINANCE LAW<\/h5>\n                  <div class=\"fwi-content\"><p><strong>Loan  consultation<\/strong><\/p>\n<p><strong>Project,purchasing and wealth finance <\/strong><\/p>\n<p><strong>Structured finance<\/strong><\/p>\n<p><strong>Financial regulations<\/strong><\/p>\n<\/div>\n                  <div class=\"fwi-link-w without-class\"><a href=\"\">More<\/a><\/div>\n                <\/div>\n            <\/div><\/div><\/div><\/div><div class=\"wpb_column vc_column_container vc_col-sm-6 vc_col-lg-3 vc_col-has-fill\"><div class=\"vc_column-inner vc_custom_1490768509171\"><div class=\"wpb_wrapper\"><div class=\"os-feature-with-icon color-scheme-light text-align-center media-position-top\">\n                <div class=\"fwi-media-w\" style=\"\"><i class=\"\" style=\"\"><\/i><\/div>\n                <div class=\"fwi-content-w\">\n                  <h5 class=\"fwi-header\" style=\"\">LABOR LAW<\/h5>\n                  <div class=\"fwi-content\"><p><strong>Labor law consaltancy for the  companies<\/strong><\/p>\n<p><strong>Job security law<\/strong><\/p>\n<p><strong>Social security law<\/strong><\/p>\n<p><strong>Forming the labor contracts<\/strong><\/p>\n<p><strong>Solving the work union, employer and employee conflicts<\/strong><\/p>\n<\/div>\n                  <div class=\"fwi-link-w without-class\"><a href=\"\">More<\/a><\/div>\n                <\/div>\n            <\/div><\/div><\/div><\/div><div class=\"wpb_column vc_column_container vc_col-sm-6 vc_col-lg-3\"><div class=\"vc_column-inner vc_custom_1490768493913\"><div class=\"wpb_wrapper\"><div class=\"os-feature-with-icon color-scheme-light text-align-center media-position-top\">\n                <div class=\"fwi-media-w\" style=\"\"><i class=\"\" style=\"\"><\/i><\/div>\n                <div class=\"fwi-content-w\">\n                  <h5 class=\"fwi-header\" style=\"\">TRANSPORTATION AND LOGISTICS LAW<\/h5>\n                  <div class=\"fwi-content\"><p><strong>Land transport, railroad transport and airline transport<\/strong><\/p>\n<p><strong>Loss indemnisation and penal clause\u00a0<\/strong><\/p>\n<p><strong>Cargo<\/strong><\/p>\n<\/div>\n                  <div class=\"fwi-link-w without-class\"><a href=\"\">More<\/a><\/div>\n                <\/div>\n            <\/div><\/div><\/div><\/div><div class=\"wpb_column vc_column_container vc_col-sm-6 vc_col-lg-3 vc_col-md-6 vc_col-has-fill\"><div class=\"vc_column-inner vc_custom_1490768474649\"><div class=\"wpb_wrapper\"><div class=\"os-feature-with-icon color-scheme-light text-align-center media-position-top\">\n                <div class=\"fwi-media-w\" style=\"\"><i class=\"\" style=\"\"><\/i><\/div>\n                <div class=\"fwi-content-w\">\n                  <h5 class=\"fwi-header\" style=\"\">SEA AND MARITIME LAW<\/h5>\n                  <div class=\"fwi-content\"><p><strong>Affreightment contracts<\/strong><\/p>\n<p><strong>Coastal shipping<\/strong><\/p>\n<p><strong>Collision and mooring<\/strong><\/p>\n<p><strong>Flag state conflicts<\/strong><\/p>\n<p><strong>Port building and transfering contracts<\/strong><\/p>\n<p><strong>All information, documents  and services  about commercial and private marine vessels<\/strong><\/p>\n<\/div>\n                  <div class=\"fwi-link-w without-class\"><a href=\"\">More<\/a><\/div>\n                <\/div>\n            <\/div><\/div><\/div><\/div><\/div><div class=\"vc_row wpb_row vc_row-fluid vc_custom_1490331598404 vc_row-has-fill\"><div class=\"wpb_column vc_column_container vc_col-sm-6 vc_col-lg-3\"><div class=\"vc_column-inner vc_custom_1490768520136\"><div class=\"wpb_wrapper\"><div class=\"os-feature-with-icon color-scheme-light text-align-center media-position-top\">\n                <div class=\"fwi-media-w\" style=\"\"><i class=\"\" style=\"\"><\/i><\/div>\n                <div class=\"fwi-content-w\">\n                  <h5 class=\"fwi-header\" style=\"\">ADMINISTRATIVE AND TAX LAW<\/h5>\n                  <div class=\"fwi-content\"><p><strong>Solving tax disputes<\/strong><\/p>\n<p><strong>V.A.T.( value added tax), loss of tax and tax evasion cases<\/strong><\/p>\n<p><strong>Public procurement legislation cases<\/strong><\/p>\n<p><strong>Full remedy action and action of annulment<\/strong><\/p>\n<p><strong>Historical artifacts, archeological site and plan cases<\/strong><\/p>\n<p><strong>Local administrations<\/strong><\/p>\n<\/div>\n                  <div class=\"fwi-link-w without-class\"><a href=\"\">More<\/a><\/div>\n                <\/div>\n            <\/div><\/div><\/div><\/div><div class=\"wpb_column vc_column_container vc_col-sm-6 vc_col-lg-3 vc_col-has-fill\"><div class=\"vc_column-inner vc_custom_1490768509171\"><div class=\"wpb_wrapper\"><div class=\"os-feature-with-icon color-scheme-light text-align-center media-position-top\">\n                <div class=\"fwi-media-w\" style=\"\"><i class=\"\" style=\"\"><\/i><\/div>\n                <div class=\"fwi-content-w\">\n                  <h5 class=\"fwi-header\" style=\"\">CUSTOMS LAW<\/h5>\n                  <div class=\"fwi-content\"><p><strong>Importation and exportation<\/strong><\/p>\n<p><strong>Customs transactions<\/strong><\/p>\n<p><strong>Letter of credit<\/strong><\/p>\n<p><strong>Customs transactions<\/strong><\/p>\n<\/div>\n                  <div class=\"fwi-link-w without-class\"><a href=\"\">More<\/a><\/div>\n                <\/div>\n            <\/div><\/div><\/div><\/div><div class=\"wpb_column vc_column_container vc_col-sm-6 vc_col-lg-3\"><div class=\"vc_column-inner vc_custom_1490768493913\"><div class=\"wpb_wrapper\"><div class=\"os-feature-with-icon color-scheme-light text-align-center media-position-top\">\n                <div class=\"fwi-media-w\" style=\"\"><i class=\"\" style=\"\"><\/i><\/div>\n                <div class=\"fwi-content-w\">\n                  <h5 class=\"fwi-header\" style=\"\">PROPERTY LAW<\/h5>\n                  <div class=\"fwi-content\"><p><strong>Bargain, sale and title deed transactions<\/strong><\/p>\n<p><strong>Prelimitary sales contracts<\/strong><\/p>\n<p><strong>Real estate value and investment consultancy<\/strong><\/p>\n<p><strong>Construction contracs and consturction in return for flat contracts<\/strong><\/p>\n<p><strong>Urban transformation projects<\/strong><\/p>\n<p><strong>Expropriation and land regisration cases<\/strong><\/p>\n<p><strong>Action for failure to act and actio negatoria<\/strong><\/p>\n<p><strong>Zoning law<\/strong><\/p>\n<\/div>\n                  <div class=\"fwi-link-w without-class\"><a href=\"\">More<\/a><\/div>\n                <\/div>\n            <\/div><\/div><\/div><\/div><div class=\"wpb_column vc_column_container vc_col-sm-6 vc_col-lg-3 vc_col-md-6 vc_col-has-fill\"><div class=\"vc_column-inner vc_custom_1490768474649\"><div class=\"wpb_wrapper\"><div class=\"os-feature-with-icon color-scheme-light text-align-center media-position-top\">\n                <div class=\"fwi-media-w\" style=\"\"><i class=\"\" style=\"\"><\/i><\/div>\n                <div class=\"fwi-content-w\">\n                  <h5 class=\"fwi-header\" style=\"\">INFORMATION TECHNOLOGY LAW<\/h5>\n                  <div class=\"fwi-content\"><p><strong>Internet law<\/strong><\/p>\n<p><strong>The law on the protection of personal data<\/strong><\/p>\n<p><strong>E-commerce<\/strong><\/p>\n<p><strong>Domain name and hosting conflicts<\/strong><\/p>\n<p><strong>Lisencing and service projects<\/strong><\/p>\n<p><strong>Cyber crimes and cases<\/strong><\/p>\n<\/div>\n                  <div class=\"fwi-link-w without-class\"><a href=\"\">More<\/a><\/div>\n                <\/div>\n            <\/div><\/div><\/div><\/div><\/div><div class=\"vc_row wpb_row vc_row-fluid vc_custom_1490331598404 vc_row-has-fill\"><div class=\"wpb_column vc_column_container vc_col-sm-6 vc_col-lg-3\"><div class=\"vc_column-inner vc_custom_1490768520136\"><div class=\"wpb_wrapper\"><div class=\"os-feature-with-icon color-scheme-light text-align-center media-position-top\">\n                <div class=\"fwi-media-w\" style=\"\"><i class=\"\" style=\"\"><\/i><\/div>\n                <div class=\"fwi-content-w\">\n                  <h5 class=\"fwi-header\" style=\"\">FAMILY LAW<\/h5>\n                  <div class=\"fwi-content\"><p><strong>Divorcement cases<\/strong><\/p>\n<p><strong>Recognition and enforcement of foreign court decisions<\/strong><\/p>\n<p><strong>Pecuinary adn non-peciunary damages cases<\/strong><\/p>\n<p><strong>Alimony cases<\/strong><\/p>\n<p><strong>Right of custody cases<\/strong><\/p>\n<p><strong>Marital property and division of property cases<\/strong><\/p>\n<p><strong>Jevellery cases<\/strong><\/p>\n<p><strong>Adoption services and adoption cases<\/strong><\/p>\n<p><strong>Suit of paternity<\/strong><\/p>\n<\/div>\n                  <div class=\"fwi-link-w without-class\"><a href=\"\">More<\/a><\/div>\n                <\/div>\n            <\/div><\/div><\/div><\/div><div class=\"wpb_column vc_column_container vc_col-sm-6 vc_col-lg-3 vc_col-has-fill\"><div class=\"vc_column-inner vc_custom_1490768509171\"><div class=\"wpb_wrapper\"><div class=\"os-feature-with-icon color-scheme-light text-align-center media-position-top\">\n                <div class=\"fwi-media-w\" style=\"\"><i class=\"\" style=\"\"><\/i><\/div>\n                <div class=\"fwi-content-w\">\n                  <h5 class=\"fwi-header\" style=\"\">LAW OF FOREIGNERS<\/h5>\n                  <div class=\"fwi-content\"><p><strong>Resistance permit and work permit consultancy<\/strong><\/p>\n<p><strong>Immigration service and citizenship service consultancy<\/strong><\/p>\n<p><strong>Civil registiry services consultancy<\/strong><\/p>\n<p><strong>Real estate buying and selling for foreigners<\/strong><\/p>\n<p><strong>.<\/strong><\/p>\n<\/div>\n                  <div class=\"fwi-link-w without-class\"><a href=\"\">More<\/a><\/div>\n                <\/div>\n            <\/div><\/div><\/div><\/div><div class=\"wpb_column vc_column_container vc_col-sm-6 vc_col-lg-3\"><div class=\"vc_column-inner vc_custom_1490768493913\"><div class=\"wpb_wrapper\"><div class=\"os-feature-with-icon color-scheme-light text-align-center media-position-top\">\n                <div class=\"fwi-media-w\" style=\"\"><i class=\"\" style=\"\"><\/i><\/div>\n                <div class=\"fwi-content-w\">\n                  <h5 class=\"fwi-header\" style=\"\">INHERITANCE LAW<\/h5>\n                  <div class=\"fwi-content\"><p><strong>Forming testament  and testamentum cases<\/strong><\/p>\n<p><strong>Abduction of heritace cases<\/strong><\/p>\n<p><strong>Renunciation of inheritance and debarment from inheritance<\/strong><\/p>\n<p><strong>Forming inheritance contracts<\/strong><\/p>\n<p><strong>Action of reduction and equalization cases<\/strong><\/p>\n<p><strong>Testator simulation cases<\/strong><\/p>\n<\/div>\n                  <div class=\"fwi-link-w without-class\"><a href=\"\">More<\/a><\/div>\n                <\/div>\n            <\/div><\/div><\/div><\/div><div class=\"wpb_column vc_column_container vc_col-sm-6 vc_col-lg-3 vc_col-md-6 vc_col-has-fill\"><div class=\"vc_column-inner vc_custom_1490768474649\"><div class=\"wpb_wrapper\"><div class=\"os-feature-with-icon color-scheme-light text-align-center media-position-top\">\n                <div class=\"fwi-media-w\" style=\"\"><i class=\"\" style=\"\"><\/i><\/div>\n                <div class=\"fwi-content-w\">\n                  <h5 class=\"fwi-header\" style=\"\">PENAL LAW<\/h5>\n                  <div class=\"fwi-content\"><p><strong>Attorney of the complainant and attorney of the defendant for the foreigners and the citizens<\/strong><\/p>\n<p><strong>Deportation case of foreigners<\/strong><\/p>\n<p><strong>Human smuggling and migrant smuggling cases<\/strong><\/p>\n<p><strong>Drug smuggling cases of foreigners and the citizens<\/strong><\/p>\n<p><strong>Cyber crimes cases<\/strong><\/p>\n<p><strong>The other smuggling cases and white collar fraud cases<\/strong><\/p>\n<\/div>\n                  <div class=\"fwi-link-w without-class\"><a href=\"\">More<\/a><\/div>\n                <\/div>\n            <\/div><\/div><\/div><\/div><\/div>","protected":false},"excerpt":{"rendered":"\u015e\u0130RKETLER HUKUKU Ulusal, yabanc\u0131 ve uluslararas\u0131 firmalara \u015firket, y\u00f6netim ve hukuk dan\u0131\u015fmanl\u0131\u011f\u0131 Yerli ve yabanc\u0131lar i\u00e7in \u015firket kurulumu,tasfiyesi, birle\u015fme ve devirler (joint venture) Ticari \u015firket kurulumu ve y\u00f6netimi \u015eirketlerin kurumsal yap\u0131ya d\u00f6n\u00fc\u015ft\u00fcr\u00fclmesi Daha Fazla S\u00d6ZLE\u015eMELER HUKUKU Ticari s\u00f6zle\u015fmeler Al\u0131m sat\u0131m s\u00f6zle\u015fmeleri Kira s\u00f6zle\u015fmeleri \u015eirket ana s\u00f6zle\u015fmeleri Ortakl\u0131k s\u00f6zle\u015fmeleri Hizmet s\u00f6zle\u015fmeleri Yerli ve yabanc\u0131 dilde s\u00f6zle\u015fme...<div class=\"[...]\"><a href=\"https:\/\/ozdemirmar.com\/en\/hizmetlerimiz\/\">Read More<\/a><\/div>","protected":false},"author":1,"featured_media":0,"parent":0,"menu_order":0,"comment_status":"closed","ping_status":"closed","template":"","meta":{"footnotes":""},"class_list":["post-2017","page","type-page","status-publish","hentry"],"_links":{"self":[{"href":"https:\/\/ozdemirmar.com\/en\/wp-json\/wp\/v2\/pages\/2017","targetHints":{"allow":["GET"]}}],"collection":[{"href":"https:\/\/ozdemirmar.com\/en\/wp-json\/wp\/v2\/pages"}],"about":[{"href":"https:\/\/ozdemirmar.com\/en\/wp-json\/wp\/v2\/types\/page"}],"author":[{"embeddable":true,"href":"https:\/\/ozdemirmar.com\/en\/wp-json\/wp\/v2\/users\/1"}],"replies":[{"embeddable":true,"href":"https:\/\/ozdemirmar.com\/en\/wp-json\/wp\/v2\/comments?post=2017"}],"version-history":[{"count":21,"href":"https:\/\/ozdemirmar.com\/en\/wp-json\/wp\/v2\/pages\/2017\/revisions"}],"predecessor-version":[{"id":2148,"href":"https:\/\/ozdemirmar.com\/en\/wp-json\/wp\/v2\/pages\/2017\/revisions\/2148"}],"wp:attachment":[{"href":"https:\/\/ozdemirmar.com\/en\/wp-json\/wp\/v2\/media?parent=2017"}],"curies":[{"name":"wp","href":"https:\/\/api.w.org\/{rel}","templated":true}]}}