{"id":1963,"date":"2021-02-17T01:52:57","date_gmt":"2021-02-17T01:52:57","guid":{"rendered":"http:\/\/law.pinsupreme.com\/?page_id=4"},"modified":"2026-02-08T22:52:11","modified_gmt":"2026-02-08T19:52:11","slug":"anasayfa","status":"publish","type":"page","link":"https:\/\/ozdemirmar.com\/en\/","title":{"rendered":"Anasayfa"},"content":{"rendered":"<div class=\"vc_row wpb_row vc_row-fluid\"><div class=\"wpb_column vc_column_container vc_col-sm-12\"><div class=\"vc_column-inner\"><div class=\"wpb_wrapper\">\n\t\t\t<!-- START Slider 1 REVOLUTION SLIDER 6.5.3 --><p class=\"rs-p-wp-fix\"><\/p>\n\t\t\t<rs-module-wrap id=\"rev_slider_1_1_wrapper\" data-source=\"gallery\" style=\"visibility:hidden;background:transparent;padding:0;\">\n\t\t\t\t<rs-module id=\"rev_slider_1_1\" style=\"\" data-version=\"6.5.3\">\n\t\t\t\t\t<rs-slides>\n\t\t\t\t\t\t<rs-slide data-key=\"rs-1\" data-title=\"Slide\" data-in=\"o:0;\" data-out=\"a:false;\">\n\t\t\t\t\t\t\t<img loading=\"lazy\" decoding=\"async\" src=\"\/\/ozdemirmar.com\/wp-content\/plugins\/revslider\/public\/assets\/assets\/dummy.png\" title=\"Anasayfaozdemir-min\" width=\"1920\" height=\"1080\" class=\"rev-slidebg tp-rs-img rs-lazyload\" data-lazyload=\"\/\/ozdemirmar.com\/wp-content\/uploads\/2021\/06\/Anasayfaozdemir-min.png\" data-no-retina>\n<!--\n\t\t\t\t\t\t\t--><rs-layer\n\t\t\t\t\t\t\t\tid=\"slider-1-slide-1-layer-1\" \n\t\t\t\t\t\t\t\tdata-type=\"image\"\n\t\t\t\t\t\t\t\tdata-rsp_ch=\"on\"\n\t\t\t\t\t\t\t\tdata-xy=\"x:c;yo:457px,377px,286px,271px;\"\n\t\t\t\t\t\t\t\tdata-text=\"w:normal;s:20,16,12,7;l:0,20,15,9;\"\n\t\t\t\t\t\t\t\tdata-dim=\"w:425px,350px,265px,380px;h:69px,56px,42px,95px;\"\n\t\t\t\t\t\t\t\tdata-frame_999=\"o:0;st:w;\"\n\t\t\t\t\t\t\t\tstyle=\"z-index:10;\"\n\t\t\t\t\t\t\t><img loading=\"lazy\" decoding=\"async\" src=\"\/\/ozdemirmar.com\/wp-content\/plugins\/revslider\/public\/assets\/assets\/dummy.png\" class=\"tp-rs-img rs-lazyload\" width=\"800\" height=\"130\" data-lazyload=\"\/\/ozdemirmar.com\/wp-content\/uploads\/2021\/11\/ius-respicit-aequitatem-1.png\" data-no-retina> \n\t\t\t\t\t\t\t<\/rs-layer><!--\n\n\t\t\t\t\t\t\t--><rs-layer\n\t\t\t\t\t\t\t\tid=\"slider-1-slide-1-layer-5\" \n\t\t\t\t\t\t\t\tclass=\"rev-scroll-btn rev-b-span-light\"\n\t\t\t\t\t\t\t\tdata-type=\"button\"\n\t\t\t\t\t\t\t\tdata-rsp_ch=\"on\"\n\t\t\t\t\t\t\t\tdata-xy=\"x:c;yo:805px,664px,504px,633px;\"\n\t\t\t\t\t\t\t\tdata-text=\"w:normal;s:17,14,10,12;l:20,16,12,14;ls:1,0,0,0;\"\n\t\t\t\t\t\t\t\tdata-dim=\"w:35px,28px,21px,25px;h:55px,45px,34px,41px;minw:35px,none,none,none;minh:55px,none,none,none;\"\n\t\t\t\t\t\t\t\tdata-padding=\"t:22,18,14,18;r:14,12,9,12;b:22,18,14,18;l:14,12,9,12;\"\n\t\t\t\t\t\t\t\tdata-border=\"bos:solid;boc:rgba(255,255,255,0.75);bow:3px,3px,3px,3px;bor:23px,23px,23px,23px;\"\n\t\t\t\t\t\t\t\tdata-frame_0=\"x:0,0,0,0px;y:0,0,0,0px;\"\n\t\t\t\t\t\t\t\tdata-frame_1=\"x:0,0,0,0px;y:0,0,0,0px;\"\n\t\t\t\t\t\t\t\tdata-frame_999=\"o:0;st:w;\"\n\t\t\t\t\t\t\t\tstyle=\"z-index:8;font-family:Roboto;text-transform:uppercase;\"\n\t\t\t\t\t\t\t><span><\/span><span><\/span><span><\/span> \n\t\t\t\t\t\t\t<\/rs-layer><!--\n\n\t\t\t\t\t\t\t--><a\n\t\t\t\t\t\t\t\tid=\"slider-1-slide-1-layer-6\" \n\t\t\t\t\t\t\t\tclass=\"rs-layer rev-btn\"\n\t\t\t\t\t\t\t\thref=\"tel: 905325854860\" target=\"_self\"\n\t\t\t\t\t\t\t\tdata-type=\"button\"\n\t\t\t\t\t\t\t\tdata-rsp_ch=\"on\"\n\t\t\t\t\t\t\t\tdata-xy=\"x:c;yo:667px,550px,417px,463px;\"\n\t\t\t\t\t\t\t\tdata-text=\"w:normal;s:32,26,19,24;l:74,61,46,61;fw:500;\"\n\t\t\t\t\t\t\t\tdata-dim=\"minh:0,none,none,none;\"\n\t\t\t\t\t\t\t\tdata-actions='o:click;a:menulink;target:_self;url:tel:+905325854860;sp:300;e:none;'\n\t\t\t\t\t\t\t\tdata-padding=\"r:47,39,30,42;l:47,39,30,42;\"\n\t\t\t\t\t\t\t\tdata-border=\"bos:solid;boc:rgba(255,255,255,0.35);bow:1px,1px,1px,1px;bor:25px,25px,25px,25px;\"\n\t\t\t\t\t\t\t\tdata-frame_999=\"o:0;st:w;\"\n\t\t\t\t\t\t\t\tdata-frame_hover=\"bgc:rgba(0,0,0,0);boc:rgba(255,255,255,0.75);bor:25px,25px,25px,25px;bos:solid;bow:1px,1px,1px,1px;e:power1.inOut;\"\n\t\t\t\t\t\t\t\tstyle=\"z-index:9;background-color:rgba(0,0,0,0);font-family:Roboto;\"\n\t\t\t\t\t\t\t>Call Us \n\t\t\t\t\t\t\t<\/a><!--\n\n\t\t\t\t\t\t\t--><rs-layer\n\t\t\t\t\t\t\t\tid=\"slider-1-slide-1-layer-7\" \n\t\t\t\t\t\t\t\tdata-type=\"image\"\n\t\t\t\t\t\t\t\tdata-rsp_ch=\"on\"\n\t\t\t\t\t\t\t\tdata-xy=\"x:c;yo:229px,189px,143px,87px;\"\n\t\t\t\t\t\t\t\tdata-text=\"w:normal;s:20,16,12,7;l:0,20,15,9;\"\n\t\t\t\t\t\t\t\tdata-dim=\"w:757px,625px,474px,380px;h:189px,156px,118px,95px;\"\n\t\t\t\t\t\t\t\tdata-frame_999=\"o:0;st:w;\"\n\t\t\t\t\t\t\t\tstyle=\"z-index:10;\"\n\t\t\t\t\t\t\t><img loading=\"lazy\" decoding=\"async\" src=\"\/\/ozdemirmar.com\/wp-content\/plugins\/revslider\/public\/assets\/assets\/dummy.png\" class=\"tp-rs-img rs-lazyload\" width=\"3750\" height=\"938\" data-lazyload=\"\/\/ozdemirmar.com\/wp-content\/uploads\/2021\/06\/ozdemir-and-mar-retina.png\" data-no-retina> \n\t\t\t\t\t\t\t<\/rs-layer><!--\n-->\t\t\t\t\t\t<\/rs-slide>\n\t\t\t\t\t<\/rs-slides>\n\t\t\t\t<\/rs-module>\n\t\t\t\t<script type=\"text\/javascript\">\n\t\t\t\t\tsetREVStartSize({c: 'rev_slider_1_1',rl:[1240,1024,778,480],el:[900,768,960,720],gw:[1240,1024,778,480],gh:[900,768,960,720],type:'hero',justify:'',layout:'fullscreen',offsetContainer:'',offset:'',mh:\"0\"});\n\t\t\t\t<\/script>\n\t\t\t<\/rs-module-wrap>\n\t\t\t<!-- END REVOLUTION SLIDER -->\n<div class=\"os-container\">\n              <div class=\"os-cta-block  color-scheme-dark\" style=\"background-image: url(https:\/\/ozdemirmar.com\/wp-content\/uploads\/2017\/02\/banner-bg-2.jpg);\"\">\n                \n                <div class=\"cta-content\">\n                  <div class=\"cta-text\"><h3>\u00d6zdemir&amp;Mar Contact<\/h3>\n<p>Te\u015fvikiye Mah. Te\u015fvikiye Cad. No:26 D:9 Ni\u015fanta\u015f\u0131 \u015ei\u015fli Istanbul Turkey<\/p>\n<p>Gsm1: +90 532 585 48 60<br \/>\nGsm2: +90 532 575 49 75<\/p>\n<p>Mail: info@ozdemirmar.com<\/p>\n<\/div>\n                  <div class=\"cta-button\"><a href=\"https:\/\/ozdemirmar.com\/en\/sirket-sayfalari\/iletisim\/\" class=\"btn btn-white btn-lg btn-rounded\" style=\"\"\">Contact<\/a><\/div>\n                <\/div>\n              <\/div>\n            <\/div><\/div><\/div><\/div><\/div><div class=\"vc_row wpb_row vc_row-fluid\"><div class=\"wpb_column vc_column_container vc_col-sm-12\"><div class=\"vc_column-inner\"><div class=\"wpb_wrapper\"><div  class=\"vc_wp_text wpb_content_element\"><div class=\"widget widget_text\">\t\t\t<div class=\"textwidget\"><\/p>\n<h1 style=\"text-align: center;\">Services<\/h1>\n<p>\n<\/div>\n\t\t<\/div><\/div><\/div><\/div><\/div><\/div><div class=\"vc_row wpb_row vc_row-fluid vc_custom_1490331598404 vc_row-has-fill\"><div class=\"wpb_column vc_column_container vc_col-sm-6 vc_col-lg-3\"><div class=\"vc_column-inner vc_custom_1490768520136\"><div class=\"wpb_wrapper\"><div class=\"os-feature-with-icon color-scheme-light text-align-center media-position-top\">\n                <div class=\"fwi-media-w\" style=\"\"><i class=\"\" style=\"\"><\/i><\/div>\n                <div class=\"fwi-content-w\">\n                  <h5 class=\"fwi-header\" style=\"\">COMPANY LAW<\/h5>\n                  <div class=\"fwi-content\"><\/div>\n                  <div class=\"fwi-link-w without-class\"><a href=\"\">More<\/a><\/div>\n                <\/div>\n            <\/div><div class=\"os-feature-with-icon color-scheme-light text-align-center media-position-top\">\n                <div class=\"fwi-media-w\" style=\"\"><i class=\"\" style=\"\"><\/i><\/div>\n                <div class=\"fwi-content-w\">\n                  <h5 class=\"fwi-header\" style=\"\">BANKING AND FINANCE LAW<\/h5>\n                  <div class=\"fwi-content\"><\/div>\n                  <div class=\"fwi-link-w without-class\"><a href=\"\">More<\/a><\/div>\n                <\/div>\n            <\/div><div class=\"os-feature-with-icon color-scheme-light text-align-center media-position-top\">\n                <div class=\"fwi-media-w\" style=\"\"><i class=\"\" style=\"\"><\/i><\/div>\n                <div class=\"fwi-content-w\">\n                  <h5 class=\"fwi-header\" style=\"\">ADMINISTRATIVE AND TAX LAW<\/h5>\n                  <div class=\"fwi-content\"><\/div>\n                  <div class=\"fwi-link-w without-class\"><a href=\"\">More<\/a><\/div>\n                <\/div>\n            <\/div><div class=\"os-feature-with-icon color-scheme-light text-align-center media-position-top\">\n                <div class=\"fwi-media-w\" style=\"\"><i class=\"\" style=\"\"><\/i><\/div>\n                <div class=\"fwi-content-w\">\n                  <h5 class=\"fwi-header\" style=\"\">FAMILY LAW<\/h5>\n                  <div class=\"fwi-content\"><\/div>\n                  <div class=\"fwi-link-w without-class\"><a href=\"\">More<\/a><\/div>\n                <\/div>\n            <\/div><\/div><\/div><\/div><div class=\"wpb_column vc_column_container vc_col-sm-6 vc_col-lg-3 vc_col-has-fill\"><div class=\"vc_column-inner vc_custom_1490768509171\"><div class=\"wpb_wrapper\"><div class=\"os-feature-with-icon color-scheme-light text-align-center media-position-top\">\n                <div class=\"fwi-media-w\" style=\"\"><i class=\"\" style=\"\"><\/i><\/div>\n                <div class=\"fwi-content-w\">\n                  <h5 class=\"fwi-header\" style=\"\">LAW OF CONTRACTS<\/h5>\n                  <div class=\"fwi-content\"><\/div>\n                  <div class=\"fwi-link-w without-class\"><a href=\"\">More<\/a><\/div>\n                <\/div>\n            <\/div><div class=\"os-feature-with-icon color-scheme-light text-align-center media-position-top\">\n                <div class=\"fwi-media-w\" style=\"\"><i class=\"\" style=\"\"><\/i><\/div>\n                <div class=\"fwi-content-w\">\n                  <h5 class=\"fwi-header\" style=\"\">CUSTOMS LAW<\/h5>\n                  <div class=\"fwi-content\"><\/div>\n                  <div class=\"fwi-link-w without-class\"><a href=\"\">More<\/a><\/div>\n                <\/div>\n            <\/div><div class=\"os-feature-with-icon color-scheme-light text-align-center media-position-top\">\n                <div class=\"fwi-media-w\" style=\"\"><i class=\"\" style=\"\"><\/i><\/div>\n                <div class=\"fwi-content-w\">\n                  <h5 class=\"fwi-header\" style=\"\">LABOR LAW<\/h5>\n                  <div class=\"fwi-content\"><\/div>\n                  <div class=\"fwi-link-w without-class\"><a href=\"\">More<\/a><\/div>\n                <\/div>\n            <\/div><div class=\"os-feature-with-icon color-scheme-light text-align-center media-position-top\">\n                <div class=\"fwi-media-w\" style=\"\"><i class=\"\" style=\"\"><\/i><\/div>\n                <div class=\"fwi-content-w\">\n                  <h5 class=\"fwi-header\" style=\"\">LAW OF FOREIGNERS<\/h5>\n                  <div class=\"fwi-content\"><\/div>\n                  <div class=\"fwi-link-w without-class\"><a href=\"\">More<\/a><\/div>\n                <\/div>\n            <\/div><\/div><\/div><\/div><div class=\"wpb_column vc_column_container vc_col-sm-6 vc_col-lg-3\"><div class=\"vc_column-inner vc_custom_1490768493913\"><div class=\"wpb_wrapper\"><div class=\"os-feature-with-icon color-scheme-light text-align-center media-position-top\">\n                <div class=\"fwi-media-w\" style=\"\"><i class=\"\" style=\"\"><\/i><\/div>\n                <div class=\"fwi-content-w\">\n                  <h5 class=\"fwi-header\" style=\"\">INTERNATIONAL TRADE LAW<\/h5>\n                  <div class=\"fwi-content\"><\/div>\n                  <div class=\"fwi-link-w without-class\"><a href=\"\">More<\/a><\/div>\n                <\/div>\n            <\/div><div class=\"os-feature-with-icon color-scheme-light text-align-center media-position-top\">\n                <div class=\"fwi-media-w\" style=\"\"><i class=\"\" style=\"\"><\/i><\/div>\n                <div class=\"fwi-content-w\">\n                  <h5 class=\"fwi-header\" style=\"\">TRANSPORTATION AND LOGISTICS LAW<\/h5>\n                  <div class=\"fwi-content\"><\/div>\n                  <div class=\"fwi-link-w without-class\"><a href=\"\">More<\/a><\/div>\n                <\/div>\n            <\/div><div class=\"os-feature-with-icon color-scheme-light text-align-center media-position-top\">\n                <div class=\"fwi-media-w\" style=\"\"><i class=\"\" style=\"\"><\/i><\/div>\n                <div class=\"fwi-content-w\">\n                  <h5 class=\"fwi-header\" style=\"\">PROPERTY LAW<\/h5>\n                  <div class=\"fwi-content\"><\/div>\n                  <div class=\"fwi-link-w without-class\"><a href=\"\">More<\/a><\/div>\n                <\/div>\n            <\/div><div class=\"os-feature-with-icon color-scheme-light text-align-center media-position-top\">\n                <div class=\"fwi-media-w\" style=\"\"><i class=\"\" style=\"\"><\/i><\/div>\n                <div class=\"fwi-content-w\">\n                  <h5 class=\"fwi-header\" style=\"\">INHERITANCE LAW<\/h5>\n                  <div class=\"fwi-content\"><\/div>\n                  <div class=\"fwi-link-w without-class\"><a href=\"\">More<\/a><\/div>\n                <\/div>\n            <\/div><\/div><\/div><\/div><div class=\"wpb_column vc_column_container vc_col-sm-6 vc_col-lg-3 vc_col-md-6 vc_col-has-fill\"><div class=\"vc_column-inner vc_custom_1490768474649\"><div class=\"wpb_wrapper\"><div class=\"os-feature-with-icon color-scheme-light text-align-center media-position-top\">\n                <div class=\"fwi-media-w\" style=\"\"><i class=\"\" style=\"\"><\/i><\/div>\n                <div class=\"fwi-content-w\">\n                  <h5 class=\"fwi-header\" style=\"\">BRAND, PATENT AND FRANCHISE LAW<\/h5>\n                  <div class=\"fwi-content\"><\/div>\n                  <div class=\"fwi-link-w without-class\"><a href=\"\">More<\/a><\/div>\n                <\/div>\n            <\/div><div class=\"os-feature-with-icon color-scheme-light text-align-center media-position-top\">\n                <div class=\"fwi-media-w\" style=\"\"><i class=\"\" style=\"\"><\/i><\/div>\n                <div class=\"fwi-content-w\">\n                  <h5 class=\"fwi-header\" style=\"\">SEA AND MARITIME LAW<\/h5>\n                  <div class=\"fwi-content\"><\/div>\n                  <div class=\"fwi-link-w without-class\"><a href=\"\">More<\/a><\/div>\n                <\/div>\n            <\/div><div class=\"os-feature-with-icon color-scheme-light text-align-center media-position-top\">\n                <div class=\"fwi-media-w\" style=\"\"><i class=\"\" style=\"\"><\/i><\/div>\n                <div class=\"fwi-content-w\">\n                  <h5 class=\"fwi-header\" style=\"\">INFORMATION TECHNOLOGY LAW<\/h5>\n                  <div class=\"fwi-content\"><\/div>\n                  <div class=\"fwi-link-w without-class\"><a href=\"\">More<\/a><\/div>\n                <\/div>\n            <\/div><div class=\"os-feature-with-icon color-scheme-light text-align-center media-position-top\">\n                <div class=\"fwi-media-w\" style=\"\"><i class=\"\" style=\"\"><\/i><\/div>\n                <div class=\"fwi-content-w\">\n                  <h5 class=\"fwi-header\" style=\"\">PENAL LAW<\/h5>\n                  <div class=\"fwi-content\"><\/div>\n                  <div class=\"fwi-link-w without-class\"><a href=\"\">More<\/a><\/div>\n                <\/div>\n            <\/div><\/div><\/div><\/div><\/div><div class=\"vc_row wpb_row vc_row-fluid\"><div class=\"wpb_column vc_column_container vc_col-sm-12\"><div class=\"vc_column-inner\"><div class=\"wpb_wrapper\"><div class=\"os-container\">\n              <div class=\"os-cta-small-newsletter\" style=\"background-color: ;background-image: url();\">\n                <div class=\"cta-content\">\n                  <div class=\"cta-text\">\n                    <h4>Subscribe to our newsletter!<\/h4>\n                    <div class=\"sub-header-text\">We will only send you important updates and notifications.<\/div>\n                  <\/div>\n                  <div class=\"cta-form\"><i class=\"os-icon os-icon-email-send\"><\/i><script>(function() {\n\twindow.mc4wp = window.mc4wp || {\n\t\tlisteners: [],\n\t\tforms: {\n\t\t\ton: function(evt, cb) {\n\t\t\t\twindow.mc4wp.listeners.push(\n\t\t\t\t\t{\n\t\t\t\t\t\tevent   : evt,\n\t\t\t\t\t\tcallback: cb\n\t\t\t\t\t}\n\t\t\t\t);\n\t\t\t}\n\t\t}\n\t}\n})();\n<\/script><!-- Mailchimp for WordPress v4.9.10 - https:\/\/wordpress.org\/plugins\/mailchimp-for-wp\/ --><form id=\"mc4wp-form-1\" class=\"mc4wp-form mc4wp-form-359\" method=\"post\" data-id=\"359\" data-name=\"Newsletter\" action=\"\" ><div class=\"mc4wp-form-fields\"><input type=\"email\" name=\"EMAIL\" placeholder=\"Your email address\" required \/>\n<input type=\"submit\" value=\"Subscribe\" \/>\n<\/div><label style=\"display: none !important;\">Leave this field empty if you're human: <input type=\"text\" name=\"_mc4wp_honeypot\" value=\"\" tabindex=\"-1\" autocomplete=\"off\" \/><\/label><input type=\"hidden\" name=\"_mc4wp_timestamp\" value=\"1776275844\" \/><input type=\"hidden\" name=\"_mc4wp_form_id\" value=\"359\" \/><input type=\"hidden\" name=\"_mc4wp_form_element_id\" value=\"mc4wp-form-1\" \/><div class=\"mc4wp-response\"><\/div><input type=\"hidden\" name=\"trp-form-language\" value=\"en\"\/><\/form><!-- \/ Mailchimp for WordPress Plugin -->\n<\/div>\n                <\/div>\n              <\/div>\n            <\/div><\/div><\/div><\/div><\/div>","protected":false},"excerpt":{"rendered":"Bize Ula\u015f\u0131n \u0130leti\u015fim Hizmetler \u015e\u0130RKETLER HUKUKU Daha Fazla BANKA VE F\u0130NANS HUKUKU Daha Fazla \u0130DARE VE VERG\u0130 HUKUKU Daha Fazla A\u0130LE HUKUKU Daha Fazla S\u00d6ZLE\u015eMELER HUKUKU Daha Fazla G\u00dcMR\u00dcK HUKUKU Daha Fazla \u0130\u015e VE \u0130\u015e\u00c7\u0130 HUKUKU Daha Fazla YABANCILAR HUKUKU Daha Fazla ULUSLARARASI T\u0130CARET HUKUKU Daha Fazla TA\u015eIMACILIK VE LOJ\u0130ST\u0130K H. Daha Fazla GAYR\u0130MENKUL HUKUKU...<div class=\"[...]\"><a href=\"https:\/\/ozdemirmar.com\/en\/\">Read More<\/a><\/div>","protected":false},"author":1,"featured_media":0,"parent":0,"menu_order":0,"comment_status":"closed","ping_status":"closed","template":"page-home.php","meta":{"footnotes":""},"class_list":["post-1963","page","type-page","status-publish","hentry"],"_links":{"self":[{"href":"https:\/\/ozdemirmar.com\/en\/wp-json\/wp\/v2\/pages\/1963","targetHints":{"allow":["GET"]}}],"collection":[{"href":"https:\/\/ozdemirmar.com\/en\/wp-json\/wp\/v2\/pages"}],"about":[{"href":"https:\/\/ozdemirmar.com\/en\/wp-json\/wp\/v2\/types\/page"}],"author":[{"embeddable":true,"href":"https:\/\/ozdemirmar.com\/en\/wp-json\/wp\/v2\/users\/1"}],"replies":[{"embeddable":true,"href":"https:\/\/ozdemirmar.com\/en\/wp-json\/wp\/v2\/comments?post=1963"}],"version-history":[{"count":27,"href":"https:\/\/ozdemirmar.com\/en\/wp-json\/wp\/v2\/pages\/1963\/revisions"}],"predecessor-version":[{"id":2204,"href":"https:\/\/ozdemirmar.com\/en\/wp-json\/wp\/v2\/pages\/1963\/revisions\/2204"}],"wp:attachment":[{"href":"https:\/\/ozdemirmar.com\/en\/wp-json\/wp\/v2\/media?parent=1963"}],"curies":[{"name":"wp","href":"https:\/\/api.w.org\/{rel}","templated":true}]}}