{"id":1924,"date":"2017-03-27T06:00:27","date_gmt":"2017-03-27T06:00:27","guid":{"rendered":"http:\/\/law.pinsupreme.com\/?page_id=1924"},"modified":"2021-05-23T15:53:53","modified_gmt":"2021-05-23T15:53:53","slug":"ucretsiz-danisma","status":"publish","type":"page","link":"https:\/\/ozdemirmar.com\/en\/ucretsiz-danisma\/","title":{"rendered":"\u00dccretsiz Dan\u0131\u015fma"},"content":{"rendered":"<div class=\"vc_row wpb_row vc_row-fluid\"><div class=\"wpb_column vc_column_container vc_col-sm-12\"><div class=\"vc_column-inner\"><div class=\"wpb_wrapper\"><div class=\"os-container\">\n              <div class=\"os-cta-form-w\" style=\"background-image: url(https:\/\/ozdemirmar.com\/wp-content\/uploads\/2017\/02\/pic5_rev.jpg);\">\n                <div class=\"cta-form\">\n                  <div class=\"cta-form-header-w\"><h3>\u00dccretsiz Vaka De\u011ferlendirmesi<\/h3><div class=\"cta-form-description\">Tu\u0308rkiye\u2019nin gelis\u0327en ve du\u0308nyaya entegre olan ekonomisi ve bu kapsamda c\u0327es\u0327itlenen hizmet taleplerine cevap verebilmek amac\u0131 ile Aksan bu\u0308nyesinde, konusunda uzman avukatlardan olus\u0327an departmanlar bulunmaktad\u0131r.<\/div><\/div>\n                  <div class=\"cta-form-content\">\n<div class=\"wpcf7 no-js\" id=\"wpcf7-f314-o1\" lang=\"en-US\" dir=\"ltr\">\n<div class=\"screen-reader-response\"><p role=\"status\" aria-live=\"polite\" aria-atomic=\"true\"><\/p> <ul><\/ul><\/div>\n<form action=\"\/en\/wp-json\/wp\/v2\/pages\/1924#wpcf7-f314-o1\" method=\"post\" class=\"wpcf7-form init\" aria-label=\"Contact form\" novalidate=\"novalidate\" data-status=\"init\" data-trp-original-action=\"\/en\/wp-json\/wp\/v2\/pages\/1924#wpcf7-f314-o1\">\n<div style=\"display: none;\">\n<input type=\"hidden\" name=\"_wpcf7\" value=\"314\" \/>\n<input type=\"hidden\" name=\"_wpcf7_version\" value=\"5.8.5\" \/>\n<input type=\"hidden\" name=\"_wpcf7_locale\" value=\"en_US\" \/>\n<input type=\"hidden\" name=\"_wpcf7_unit_tag\" value=\"wpcf7-f314-o1\" \/>\n<input type=\"hidden\" name=\"_wpcf7_container_post\" value=\"0\" \/>\n<input type=\"hidden\" name=\"_wpcf7_posted_data_hash\" value=\"\" \/>\n<\/div>\n<div class=\"row\">\n\t<div class=\"col-sm-6\">\n\t\t<p><label> Ad<\/label><span class=\"wpcf7-form-control-wrap\" data-name=\"first-name\"><input size=\"40\" class=\"wpcf7-form-control wpcf7-text wpcf7-validates-as-required\" aria-required=\"true\" aria-invalid=\"false\" value=\"\" type=\"text\" name=\"first-name\" \/><\/span>\n\t\t<\/p>\n\t<\/div>\n\t<div class=\"col-sm-6\">\n\t\t<p><label> Soyad<\/label><span class=\"wpcf7-form-control-wrap\" data-name=\"last-name\"><input size=\"40\" class=\"wpcf7-form-control wpcf7-text wpcf7-validates-as-required\" aria-required=\"true\" aria-invalid=\"false\" value=\"\" type=\"text\" name=\"last-name\" \/><\/span>\n\t\t<\/p>\n\t<\/div>\n<\/div>\n<div class=\"row\">\n\t<div class=\"col-sm-6\">\n\t\t<p><label> E-Posta Adresi<\/label><span class=\"wpcf7-form-control-wrap\" data-name=\"your-email\"><input size=\"40\" class=\"wpcf7-form-control wpcf7-email wpcf7-validates-as-required wpcf7-text wpcf7-validates-as-email\" aria-required=\"true\" aria-invalid=\"false\" value=\"\" type=\"email\" name=\"your-email\" \/><\/span>\n\t\t<\/p>\n\t<\/div>\n\t<div class=\"col-sm-6\">\n\t\t<p><label> Telefon Numaras\u0131<\/label><span class=\"wpcf7-form-control-wrap\" data-name=\"your-phone\"><input size=\"40\" class=\"wpcf7-form-control wpcf7-tel wpcf7-validates-as-required wpcf7-text wpcf7-validates-as-tel\" aria-required=\"true\" aria-invalid=\"false\" value=\"\" type=\"tel\" name=\"your-phone\" \/><\/span>\n\t\t<\/p>\n\t<\/div>\n<\/div>\n<p><label> Kaza tarihi ve genel a\u00e7\u0131klama<\/label><span class=\"wpcf7-form-control-wrap\" data-name=\"your-message\"><textarea cols=\"40\" rows=\"3\" class=\"wpcf7-form-control wpcf7-textarea\" aria-invalid=\"false\" name=\"your-message\"><\/textarea><\/span>\n<\/p>\n<p><input class=\"wpcf7-form-control wpcf7-submit has-spinner\" type=\"submit\" value=\"Dan\u0131\u015fma \u0130ste\" \/>\n<\/p><div class=\"wpcf7-response-output\" aria-hidden=\"true\"><\/div>\n<input type=\"hidden\" name=\"trp-form-language\" value=\"en\"\/><\/form>\n<\/div>\n\n<\/div>\n                <\/div>\n              <\/div>\n            <\/div><\/div><\/div><\/div><\/div>","protected":false},"excerpt":{"rendered":"\u00dccretsiz Vaka De\u011ferlendirmesiTu\u0308rkiye\u2019nin gelis\u0327en ve du\u0308nyaya entegre olan ekonomisi ve bu kapsamda c\u0327es\u0327itlenen hizmet taleplerine cevap verebilmek amac\u0131 ile Aksan bu\u0308nyesinde, konusunda uzman avukatlardan olus\u0327an departmanlar bulunmaktad\u0131r. Ad Soyad E-Posta Adresi Telefon Numaras\u0131 Kaza tarihi ve genel a\u00e7\u0131klama","protected":false},"author":1,"featured_media":0,"parent":0,"menu_order":0,"comment_status":"closed","ping_status":"closed","template":"page-home.php","meta":{"footnotes":""},"class_list":["post-1924","page","type-page","status-publish","hentry"],"_links":{"self":[{"href":"https:\/\/ozdemirmar.com\/en\/wp-json\/wp\/v2\/pages\/1924","targetHints":{"allow":["GET"]}}],"collection":[{"href":"https:\/\/ozdemirmar.com\/en\/wp-json\/wp\/v2\/pages"}],"about":[{"href":"https:\/\/ozdemirmar.com\/en\/wp-json\/wp\/v2\/types\/page"}],"author":[{"embeddable":true,"href":"https:\/\/ozdemirmar.com\/en\/wp-json\/wp\/v2\/users\/1"}],"replies":[{"embeddable":true,"href":"https:\/\/ozdemirmar.com\/en\/wp-json\/wp\/v2\/comments?post=1924"}],"version-history":[{"count":2,"href":"https:\/\/ozdemirmar.com\/en\/wp-json\/wp\/v2\/pages\/1924\/revisions"}],"predecessor-version":[{"id":2005,"href":"https:\/\/ozdemirmar.com\/en\/wp-json\/wp\/v2\/pages\/1924\/revisions\/2005"}],"wp:attachment":[{"href":"https:\/\/ozdemirmar.com\/en\/wp-json\/wp\/v2\/media?parent=1924"}],"curies":[{"name":"wp","href":"https:\/\/api.w.org\/{rel}","templated":true}]}}